{"id":166,"date":"2018-04-03T11:46:50","date_gmt":"2018-04-03T09:46:50","guid":{"rendered":"http:\/\/localhost\/wordpress\/?page_id=166"},"modified":"2018-04-29T17:08:18","modified_gmt":"2018-04-29T15:08:18","slug":"sonata-1","status":"publish","type":"page","link":"https:\/\/www.mba-group.agh.edu.pl\/?page_id=166","title":{"rendered":"Sonata 1"},"content":{"rendered":"<hr \/>\n<p><em><strong>Title:<\/strong><\/em> Sorption properties of hybrid mineral nanomaterials derived from<br \/>\nkaolin group minerals<br \/>\n<em><strong>Duration: <\/strong><\/em>2011-2014<br \/>\n<em><strong>Principal Investigator:<\/strong><\/em> Jakub Matusik<br \/>\n<strong><em>Key Investigators: <\/em><\/strong>Tomasz Bajda, Ma\u0142gorzata Zimowska<br \/>\n<em><strong>Funding agency: <\/strong><\/em>National Science Centre (Poland)<br \/>\n<em><strong>Project ID: <\/strong><\/em>Sonata 1<\/p>\n<hr \/>\n<p><img loading=\"lazy\" decoding=\"async\" class=\"wp-image-147 aligncenter\" src=\"http:\/\/www.mba-group.agh.edu.pl\/wp-content\/uploads\/2018\/04\/Sonata-1.jpg\" alt=\"\" width=\"495\" height=\"204\" \/><\/p>\n<p>The conducted research showed a new way for the <strong>production of sorbents using kaolin minerals from Polish deposits<\/strong>. Sorbents are materials capable of removing selected harmful ions from waters. Both cationic (positively charged) as well as anionic (negatively charged) elemental forms can be hazardous for the environment and subsequently for living organisms. Heavy metals with toxic properties such as lead and cadmium can lead to serious health problems even at low concentrations. Zinc and copper are important nutrients required in small quantities, however their high concentrations are harmful and cause different diseases. Chromates and arsenates are highly mobile in the environment and their toxic and\/or cancerogenic properties are known. The excessive amount of phosphates, sulphates and nitrates negatively affects the waters quality leading to: eutrophication of water reservoirs which is their overgrowing. Therefore, the chemical remediation of drinking waters, industrial sewage and soil solutions is of great environmental importance. In particular adsorption techniques are desirable as sorbents can be partially or completely regenerated and thus they can be reused.<\/p>\n<p>For the research kaolin minerals were chosen from Polish Lower Silesia deposits:<br \/>\n<strong>Maria III, Rusko Jarosz\u00f3w and Dunino<\/strong>. These minerals differ in structural features which affect their chemical activity and susceptibility for modifications with selected organic compounds. Kaolin minerals are build from silicon, aluminum, oxygen, and hydrogen atoms. These atoms form a structure known as layered structure. These minerals are mainly used in ceramic and paper industry. However their specific structure can be modified through chemical synthesis. The modification involves the introduction of appropriate organics into the layered structure. The inserted molecules are places were toxic ions are attached and thus are removed from the water solutions. Therefore, the efficiency of harmful ions removal is much higher for the modified minerals.<\/p>\n<p>The research in particular enabled to establish the conditions which are appropriate to obtain sorbents of cationic and anionic toxic forms. With the help of chemical and mineralogical analytical methods the structure of new mineral hybrids was examined and also the methods allowed to confirm that planned modifications took place at an atomic level. A high remediation efficiency was confirmed by using model water solutions containing lead Pb(II), cadmium Cd(II), zinc Zn(II), copper Cu(II), nickel Ni(II), chromium Cr(III) and Cr(VI), arsenic As(V), phosphorus P(V), sulphur S(VI) and nitrogen N(V). Apart from gathering information on the sorption efficiency which included maximal portion of elements which could be removed, also the mechanism of ions removal were investigated.<\/p>\n<p><strong>Most important publications:<\/strong><\/p>\n<ul>\n<li>Koteja, A. and Matusik, J. (2015) Di- and triethanolamine grafted kaolinites of different structural order as adsorbents of heavy metals. Journal of Colloid and Interface Science, 455, 83-92.<\/li>\n<li>Matusik, J., Matykowska, L. (2014) Behaviour of kaolinite intercalation compounds with selected ammonium salts in aqueous chromate and arsenate solutions. Journal of Molecular Structure, 1071, 52-59.<\/li>\n<li>Matusik, J. (2014) Arsenate, orthophosphate, sulfate, and nitrate equilibria and kinetics for halloysite and kaolinites with an induced positive charge. Chemical Engineering Journal, 246, 244-253.<\/li>\n<li>Matusik, J., Bajda, T. (2013) Immobilization and reduction of hexavalent chromium in the interlayer of positively charged kaolinites. Journal of Colloid and Interface Science, 398, 74-81.<\/li>\n<li>Matusik, J. (2013) Kinetyka sorpcji Cr(VI) na surowych i modyfikowanych minera\u0142ach kaolinitowych. W: Sorbenty mineralne : surowce, energetyka, ochrona \u015brodowiska, nowoczesne technologie. ISBN: 978-83-7464-629-1. s. 285-296.<\/li>\n<li>Matykowska, L., Matusik, J. (2013) Interkalaty kaolinitu z solami amoniowymi i ich zdolno\u015b\u0107 do usuwania chromian\u00f3w z roztwor\u00f3w wodnych. W: Sorbenty mineralne : surowce, energetyka, ochrona \u015brodowiska, nowoczesne technologie, s. 297-310.<\/li>\n<li>W\u015bcis\u0142o, A., Matusik, J. (2013) Sorpcja kadmu na modyfikowanym haloizycie. W: Sorbenty mineralne: surowce, energetyka, ochrona \u015brodowiska, nowoczesne technologie, s. 559-572.<\/li>\n<li>Matusik, J., W\u015bcis\u0142o, A. (2013) Equilibrium and kinetic study of heavy metals sorption on grafted halloysite. In: 50th Anniversary of The Clay Minerals Society: 1963-2013: annual meeting: October 6-10, 2013, Urbana-Champaign : program &amp; abstracts. S. 165-166.<\/li>\n<li>Matusik, J., Bajda, T. (2013) Sorption of arsenate and phosphate on positively charged kaolinites. XV International Clay Conference: 7-11 July 2013 Rio de Janeiro, Brazil, abstract no. 531.<\/li>\n<\/ul>\n<hr \/>\n<p style=\"text-align: center;\"><a href=\"http:\/\/www.mba-group.agh.edu.pl\/?page_id=37\">Find more publications!<\/a><\/p>\n<hr \/>\n<p>&nbsp;<\/p>\n","protected":false},"excerpt":{"rendered":"<p>Title: Sorption properties of hybrid mineral nanomaterials derived from kaolin group minerals Duration: 2011-2014 Principal Investigator: Jakub Matusik Key Investigators: Tomasz Bajda, Ma\u0142gorzata Zimowska Funding agency: National Science Centre (Poland) Project ID: Sonata 1 The conducted research showed a new &hellip; <a href=\"https:\/\/www.mba-group.agh.edu.pl\/?page_id=166\">Czytaj dalej <span class=\"meta-nav\">&rarr;<\/span><\/a><\/p>\n","protected":false},"author":1,"featured_media":0,"parent":0,"menu_order":0,"comment_status":"closed","ping_status":"closed","template":"sidebar-page.php","meta":{"jetpack_post_was_ever_published":false,"footnotes":""},"class_list":["post-166","page","type-page","status-publish","hentry"],"jetpack_sharing_enabled":true,"jetpack_shortlink":"https:\/\/wp.me\/Peuuv7-2G","_links":{"self":[{"href":"https:\/\/www.mba-group.agh.edu.pl\/index.php?rest_route=\/wp\/v2\/pages\/166","targetHints":{"allow":["GET"]}}],"collection":[{"href":"https:\/\/www.mba-group.agh.edu.pl\/index.php?rest_route=\/wp\/v2\/pages"}],"about":[{"href":"https:\/\/www.mba-group.agh.edu.pl\/index.php?rest_route=\/wp\/v2\/types\/page"}],"author":[{"embeddable":true,"href":"https:\/\/www.mba-group.agh.edu.pl\/index.php?rest_route=\/wp\/v2\/users\/1"}],"replies":[{"embeddable":true,"href":"https:\/\/www.mba-group.agh.edu.pl\/index.php?rest_route=%2Fwp%2Fv2%2Fcomments&post=166"}],"version-history":[{"count":4,"href":"https:\/\/www.mba-group.agh.edu.pl\/index.php?rest_route=\/wp\/v2\/pages\/166\/revisions"}],"predecessor-version":[{"id":464,"href":"https:\/\/www.mba-group.agh.edu.pl\/index.php?rest_route=\/wp\/v2\/pages\/166\/revisions\/464"}],"wp:attachment":[{"href":"https:\/\/www.mba-group.agh.edu.pl\/index.php?rest_route=%2Fwp%2Fv2%2Fmedia&parent=166"}],"curies":[{"name":"wp","href":"https:\/\/api.w.org\/{rel}","templated":true}]}}