{"id":179,"date":"2018-04-03T12:47:43","date_gmt":"2018-04-03T10:47:43","guid":{"rendered":"http:\/\/localhost\/wordpress\/?page_id=179"},"modified":"2018-04-29T17:07:07","modified_gmt":"2018-04-29T15:07:07","slug":"mesoporous-materials","status":"publish","type":"page","link":"https:\/\/www.mba-group.agh.edu.pl\/?page_id=179","title":{"rendered":"Mesoporous materials"},"content":{"rendered":"<hr \/>\n<p><em><strong>Title:<\/strong><\/em> Layered minerals as precursors of mesoporous nanostructures<br \/>\n<em><strong>Duration: <\/strong><\/em>2009-2012<br \/>\n<em><strong>Principal Investigator:<\/strong><\/em> Krzysztof Bahranowski<br \/>\n<em><strong>Key Investigator:<\/strong><\/em> Jakub Matusik<br \/>\n<em><strong>Funding agency: <\/strong><\/em>Ministry of Science and Higher Education (Poland)<br \/>\n<em><strong>Project ID: <\/strong><\/em>N N307 315336<\/p>\n<hr \/>\n<p><img loading=\"lazy\" decoding=\"async\" class=\"size-medium wp-image-150 aligncenter\" src=\"http:\/\/www.mba-group.agh.edu.pl\/wp-content\/uploads\/2018\/04\/PhD_abs-300x230.jpg\" alt=\"\" width=\"300\" height=\"230\" srcset=\"https:\/\/www.mba-group.agh.edu.pl\/wp-content\/uploads\/2018\/04\/PhD_abs-300x230.jpg 300w, https:\/\/www.mba-group.agh.edu.pl\/wp-content\/uploads\/2018\/04\/PhD_abs-768x588.jpg 768w, https:\/\/www.mba-group.agh.edu.pl\/wp-content\/uploads\/2018\/04\/PhD_abs-1024x784.jpg 1024w, https:\/\/www.mba-group.agh.edu.pl\/wp-content\/uploads\/2018\/04\/PhD_abs-392x300.jpg 392w, https:\/\/www.mba-group.agh.edu.pl\/wp-content\/uploads\/2018\/04\/PhD_abs.jpg 2007w\" sizes=\"auto, (max-width: 300px) 100vw, 300px\" \/><\/p>\n<p><strong>Most important publications:<\/strong><\/p>\n<ul>\n<li>Matusik J., Wis\u0142a-Walsh, E., Gawe\u0142 A., Biela\u0144ska E., Bahranowski K. (2011) Surface area and porosity of nanotubes derived from kaolin minerals of different structural order. Clays and Clay Minerals, 59, 117-136.<\/li>\n<li>Matusik J., Stodolak, E., Bahranowski K. (2011) Synthesis of polylacide\/clay nanocomposites using structurally different kaolinites and kaolinite nanotubes. Applied Clay Science, 51, 102-109.<\/li>\n<li>Matusik J., Gawe\u0142 A., Biela\u0144ska E., Osuch, W., Bahranowski K. (2009) The effect of structural order on nanotubes derived from kaolin group minerals. Clays and Clay Minerals, 57, 452-464.<\/li>\n<\/ul>\n<hr \/>\n<p style=\"text-align: center;\"><a href=\"http:\/\/www.mba-group.agh.edu.pl\/?page_id=37\">Find more publications!<\/a><\/p>\n<hr \/>\n<p>&nbsp;<\/p>\n","protected":false},"excerpt":{"rendered":"<p>Title: Layered minerals as precursors of mesoporous nanostructures Duration: 2009-2012 Principal Investigator: Krzysztof Bahranowski Key Investigator: Jakub Matusik Funding agency: Ministry of Science and Higher Education (Poland) Project ID: N N307 315336 Most important publications: Matusik J., Wis\u0142a-Walsh, E., Gawe\u0142 &hellip; <a href=\"https:\/\/www.mba-group.agh.edu.pl\/?page_id=179\">Czytaj dalej <span class=\"meta-nav\">&rarr;<\/span><\/a><\/p>\n","protected":false},"author":1,"featured_media":0,"parent":0,"menu_order":0,"comment_status":"closed","ping_status":"closed","template":"sidebar-page.php","meta":{"jetpack_post_was_ever_published":false,"footnotes":""},"class_list":["post-179","page","type-page","status-publish","hentry"],"jetpack_sharing_enabled":true,"jetpack_shortlink":"https:\/\/wp.me\/Peuuv7-2T","_links":{"self":[{"href":"https:\/\/www.mba-group.agh.edu.pl\/index.php?rest_route=\/wp\/v2\/pages\/179","targetHints":{"allow":["GET"]}}],"collection":[{"href":"https:\/\/www.mba-group.agh.edu.pl\/index.php?rest_route=\/wp\/v2\/pages"}],"about":[{"href":"https:\/\/www.mba-group.agh.edu.pl\/index.php?rest_route=\/wp\/v2\/types\/page"}],"author":[{"embeddable":true,"href":"https:\/\/www.mba-group.agh.edu.pl\/index.php?rest_route=\/wp\/v2\/users\/1"}],"replies":[{"embeddable":true,"href":"https:\/\/www.mba-group.agh.edu.pl\/index.php?rest_route=%2Fwp%2Fv2%2Fcomments&post=179"}],"version-history":[{"count":2,"href":"https:\/\/www.mba-group.agh.edu.pl\/index.php?rest_route=\/wp\/v2\/pages\/179\/revisions"}],"predecessor-version":[{"id":461,"href":"https:\/\/www.mba-group.agh.edu.pl\/index.php?rest_route=\/wp\/v2\/pages\/179\/revisions\/461"}],"wp:attachment":[{"href":"https:\/\/www.mba-group.agh.edu.pl\/index.php?rest_route=%2Fwp%2Fv2%2Fmedia&parent=179"}],"curies":[{"name":"wp","href":"https:\/\/api.w.org\/{rel}","templated":true}]}}