{"id":36,"date":"2018-03-22T11:19:57","date_gmt":"2018-03-22T10:19:57","guid":{"rendered":"http:\/\/localhost\/wordpress\/?page_id=36"},"modified":"2026-01-22T12:38:24","modified_gmt":"2026-01-22T11:38:24","slug":"projects","status":"publish","type":"page","link":"https:\/\/www.mba-group.agh.edu.pl\/?page_id=36","title":{"rendered":"Projects"},"content":{"rendered":"<hr \/>\n<p style=\"text-align: center;\"><strong>Ongoing projects<\/strong><\/p>\n<hr \/>\n<p><em><strong>Title:\u00a0<\/strong><\/em>Unlocking Lithium&#8217;s Potential: Dynamic Flow-Through Lithium Extraction from Challenging Aqueous Environments with Engineered 3D-Shaped Layered Double Hydroxide Adsorbents<br \/>\n<em><strong>Duration: <\/strong><\/em>2024-2028<br \/>\n<em><strong>Principal Investigator:<\/strong><\/em> Jakub Matusik (AGH University), Pegie Cool (University of Antwerp), Elena Mihaela Seftel (VITO NV Flemish Institute for Technological Research)<br \/>\n<em><strong>Funding agency: <\/strong><\/em>National Science Centre (Poland),\u00a0FWO Research Foundation Flanders (Belgium)<br \/>\n<em><strong>Project ID: <\/strong><\/em>Opus 26\/LAP<br \/>\n<em><strong>Project description: <\/strong><\/em><a href=\"http:\/\/www.mba-group.agh.edu.pl\/?page_id=1415\">read more<\/a><\/p>\n<p><img loading=\"lazy\" decoding=\"async\" class=\"alignnone wp-image-1412 size-full\" src=\"http:\/\/www.mba-group.agh.edu.pl\/wp-content\/uploads\/2024\/07\/GA_short_proposal_ready.jpg\" alt=\"\" width=\"7125\" height=\"2396\" srcset=\"https:\/\/www.mba-group.agh.edu.pl\/wp-content\/uploads\/2024\/07\/GA_short_proposal_ready.jpg 7125w, https:\/\/www.mba-group.agh.edu.pl\/wp-content\/uploads\/2024\/07\/GA_short_proposal_ready-300x101.jpg 300w, https:\/\/www.mba-group.agh.edu.pl\/wp-content\/uploads\/2024\/07\/GA_short_proposal_ready-768x258.jpg 768w, https:\/\/www.mba-group.agh.edu.pl\/wp-content\/uploads\/2024\/07\/GA_short_proposal_ready-1024x344.jpg 1024w, https:\/\/www.mba-group.agh.edu.pl\/wp-content\/uploads\/2024\/07\/GA_short_proposal_ready-500x168.jpg 500w\" sizes=\"auto, (max-width: 7125px) 100vw, 7125px\" \/><\/p>\n<hr \/>\n<p><em><strong>Title: <\/strong><\/em>Nanohybrid LDH\/GCN structures with conductive polymers: an innovative solution for photocatalytic water purification from estrogens in a flow-through reactor<br \/>\n<em><strong>Duration: <\/strong><\/em>2026<br \/>\n<em><strong>Principal Investigator:<\/strong><\/em>\u00a0Anna J\u0119dras<br \/>\n<strong><em>Supervisor: <\/em><\/strong>Jakub Matusik<br \/>\n<em><strong>Funding agency: <\/strong><\/em>National Science Centre (Poland)<br \/>\n<em><strong>Project ID: <\/strong><\/em>Preludium 24<br \/>\n<em><strong>Project description: <\/strong><\/em><a href=\"http:\/\/www.mba-group.agh.edu.pl\/?page_id=1549\">read more<\/a><\/p>\n<p><img loading=\"lazy\" decoding=\"async\" class=\"aligncenter wp-image-1547 \" src=\"http:\/\/www.mba-group.agh.edu.pl\/wp-content\/uploads\/2026\/01\/Preludium24.jpg\" alt=\"\" width=\"404\" height=\"233\" \/><\/p>\n<hr \/>\n<p><em><strong>Title: <\/strong><\/em>Nanotubular materials based on kaolin group minerals for the photodegradation of selected mycotoxins in aqueous environment<br \/>\n<em><strong>Duration: <\/strong><\/em>2022-2025<br \/>\n<em><strong>Principal Investigator:<\/strong><\/em> Jakub Matusik<br \/>\n<strong><em>Key Investigator: <\/em><\/strong>Klaudia Dziewi\u0105tka<br \/>\n<em><strong>Funding agency: <\/strong><\/em>National Science Centre (Poland)<br \/>\n<em><strong>Project ID: <\/strong><\/em>Opus 22<br \/>\n<em><strong>Project description: <\/strong><\/em><a href=\"http:\/\/www.mba-group.agh.edu.pl\/?page_id=1173\">read more<\/a><\/p>\n<p><a href=\"http:\/\/www.mba-group.agh.edu.pl\/?page_id=1173\"><img loading=\"lazy\" decoding=\"async\" class=\"aligncenter wp-image-1170\" src=\"http:\/\/www.mba-group.agh.edu.pl\/wp-content\/uploads\/2022\/05\/Opus_22.jpg\" alt=\"\" width=\"400\" height=\"244\" \/><\/a><\/p>\n<hr \/>\n<p style=\"text-align: center;\"><strong>Finished projects<\/strong><\/p>\n<hr \/>\n<p><em><strong>Title:\u00a0<\/strong><\/em>Development of effective and selective mineral adsorbents for new immobilization emerging mycotoxins &#8211; towards detoxification of feed and food<br \/>\n<em><strong>Duration: <\/strong><\/em>2024-2025<br \/>\n<em><strong>Principal Investigator:<\/strong><\/em> Jakub Matusik<br \/>\n<em><strong>Key Investigators:\u00a0<\/strong><\/em>Monika W\u00f3jcik-Bania, Anna J\u0119dras, Klaudia Dziewi\u0105tka, Adam Gawe\u0142<br \/>\n<em><strong>Funding agency: <\/strong><\/em>AGH University of Krakow<br \/>\n<em><strong>Project ID: <\/strong><\/em>IDUB &#8211;\u00a0Support for applicants of international projects<\/p>\n<hr \/>\n<p><em><strong>Title:<\/strong><\/em> Hydrotalcite-like mineral composites obtained by transformation of selected minerals as hybrid sorbents for the removal of anions from multi-element aqueous solutions<br \/>\n<em><strong>Duration: <\/strong><\/em>2018-2022<br \/>\n<em><strong>Principal Investigator:<\/strong><\/em> Jakub Matusik<br \/>\n<strong><em>Key Investigators: <\/em><\/strong>Karolina Rybka, Klaudia Dziewi\u0105tka<br \/>\n<em><strong>Funding agency: <\/strong><\/em>National Science Centre (Poland)<br \/>\n<em><strong>Project ID: <\/strong><\/em>Opus 14<br \/>\n<em><strong>Project description: <\/strong><\/em><a href=\"http:\/\/www.mba-group.agh.edu.pl\/?page_id=550\">read more<\/a><br \/>\n<a href=\"http:\/\/www.mba-group.agh.edu.pl\/?page_id=550\"><img loading=\"lazy\" decoding=\"async\" class=\"aligncenter wp-image-543\" src=\"http:\/\/www.mba-group.agh.edu.pl\/wp-content\/uploads\/2018\/07\/Opus_14.jpg\" alt=\"\" width=\"396\" height=\"190\" \/><\/a><\/p>\n<hr \/>\n<p><em><strong>Title:<\/strong><\/em> Influence of the addition of montmorillonite nanofiller on the preparation and physicochemical properties of polysiloxane networks with controlled structure<br \/>\n<em><strong>Duration: <\/strong><\/em>2019-2020<br \/>\n<em><strong>Principal Investigator:<\/strong><\/em> Monika W\u00f3jcik-Bania<br \/>\n<em><strong>Funding agency: <\/strong><\/em>National Science Centre (Poland)<br \/>\n<em><strong>Project ID: <\/strong><\/em>Miniatura 3<br \/>\n<em><strong>Project description: <\/strong><\/em><a href=\"http:\/\/www.mba-group.agh.edu.pl\/?page_id=780\">read more<\/a><\/p>\n<p><a href=\"http:\/\/www.mba-group.agh.edu.pl\/?page_id=780\"><img loading=\"lazy\" decoding=\"async\" class=\"aligncenter wp-image-778 size-full\" src=\"http:\/\/www.mba-group.agh.edu.pl\/wp-content\/uploads\/2019\/11\/Miniatura_GA.jpg\" alt=\"\" width=\"1321\" height=\"431\" srcset=\"https:\/\/www.mba-group.agh.edu.pl\/wp-content\/uploads\/2019\/11\/Miniatura_GA.jpg 1321w, https:\/\/www.mba-group.agh.edu.pl\/wp-content\/uploads\/2019\/11\/Miniatura_GA-300x98.jpg 300w, https:\/\/www.mba-group.agh.edu.pl\/wp-content\/uploads\/2019\/11\/Miniatura_GA-768x251.jpg 768w, https:\/\/www.mba-group.agh.edu.pl\/wp-content\/uploads\/2019\/11\/Miniatura_GA-1024x334.jpg 1024w, https:\/\/www.mba-group.agh.edu.pl\/wp-content\/uploads\/2019\/11\/Miniatura_GA-500x163.jpg 500w\" sizes=\"auto, (max-width: 1321px) 100vw, 1321px\" \/><\/a><\/p>\n<hr \/>\n<p><em><strong>Title:<\/strong><\/em> Immobilization of mycotoxins by new mineral-based adsorbents<br \/>\n<em><strong>Duration: <\/strong><\/em>2019-2020<br \/>\n<em><strong>Principal Investigator:<\/strong><\/em> Jakub Matusik<br \/>\n<em><strong>Host Institution<\/strong><\/em><strong>: <\/strong><a href=\"https:\/\/www.tamu.edu\/\" target=\"_blank\" rel=\"noopener\">Texas A&amp;M University<\/a> (College Station, TX, USA), Dr. Youjun Deng<br \/>\n<em><strong>Funding agency: <\/strong><\/em>Polish-US Fulbright Commission<br \/>\n<em><strong>Project ID: <\/strong><\/em>Fulbright Senior Award<br \/>\n<em><strong>Project description: <\/strong><\/em><a href=\"http:\/\/www.mba-group.agh.edu.pl\/?page_id=755\" rel=\"noopener\">read more<\/a><br \/>\n<a href=\"http:\/\/www.mba-group.agh.edu.pl\/?page_id=755\" rel=\"noopener\"><img loading=\"lazy\" decoding=\"async\" class=\"alignnone wp-image-753\" src=\"http:\/\/www.mba-group.agh.edu.pl\/wp-content\/uploads\/2019\/10\/GA_Fulbright.jpg\" alt=\"\" width=\"522\" height=\"158\" \/><\/a><\/p>\n<hr \/>\n<p><em><strong>Title:<\/strong><\/em> Remediation technology of aquatic environments polluted with anionic forms of elements with the use of functionalized kaolinite sorbents<br \/>\n<em><strong>Duration: <\/strong><\/em>2017-2020<br \/>\n<em><strong>Principal Investigator:<\/strong><\/em> Jakub Matusik<br \/>\n<em><strong>Key Investigator: <\/strong><\/em>Tomasz Bajda<br \/>\n<em><strong>Funding agency: <\/strong><\/em>The National Centre for Research and Development (Poland)<br \/>\n<em><strong>Project ID: <\/strong><\/em>Tango 2<br \/>\n<em><strong>Project description: <\/strong><\/em><a href=\"http:\/\/www.mba-group.agh.edu.pl\/?page_id=153\">read more<\/a><br \/>\n<a href=\"http:\/\/www.mba-group.agh.edu.pl\/?page_id=153\"><img loading=\"lazy\" decoding=\"async\" class=\"aligncenter wp-image-140\" src=\"http:\/\/www.mba-group.agh.edu.pl\/wp-content\/uploads\/2018\/04\/Clean-water.jpg\" alt=\"\" width=\"388\" height=\"105\" \/><\/a><\/p>\n<hr \/>\n<p><em><strong>Title:<\/strong><\/em> Layered minerals doped with iron nanoparticles showing reductive and magnetic<br \/>\nproperties for the removal and separation of selected inorganic ions<br \/>\n<em><strong>Duration: <\/strong><\/em>2017-2020<br \/>\n<em><strong>Principal Investigator:<\/strong><\/em> Paulina Maziarz<br \/>\n<strong><em>Supervisor: <\/em><\/strong>Jakub Matusik<br \/>\n<em><strong>Funding agency: <\/strong><\/em>National Science Centre (Poland)<br \/>\n<em><strong>Project ID: <\/strong><\/em>Preludium 11<br \/>\n<em><strong>Project description: <\/strong><\/em><a href=\"http:\/\/www.mba-group.agh.edu.pl\/?page_id=159\">read more<\/a><\/p>\n<p><img loading=\"lazy\" decoding=\"async\" class=\"aligncenter wp-image-142 \" src=\"http:\/\/www.mba-group.agh.edu.pl\/wp-content\/uploads\/2018\/04\/Preludium_abs.jpg\" alt=\"\" width=\"373\" height=\"228\" \/><\/p>\n<hr \/>\n<p><em><strong>Title:<\/strong><\/em> Photoactive hybrid nanomaterials derived from layered minerals<br \/>\n<em><strong>Duration: <\/strong><\/em>2015-2018<br \/>\n<em><strong>Principal Investigator:<\/strong><\/em> Jakub Matusik<br \/>\n<strong><em>Key Investigators: <\/em><\/strong>Anna Koteja, Marek Szczerba<br \/>\n<em><strong>Funding agency: <\/strong><\/em>National Science Centre (Poland)<br \/>\n<em><strong>Project ID: <\/strong><\/em>Opus 7<br \/>\n<em><strong>Project description: <\/strong><\/em><a href=\"http:\/\/www.mba-group.agh.edu.pl\/?page_id=162\">read more<\/a><\/p>\n<p><img loading=\"lazy\" decoding=\"async\" class=\"aligncenter wp-image-146 \" src=\"http:\/\/www.mba-group.agh.edu.pl\/wp-content\/uploads\/2018\/04\/Opus_7.jpg\" alt=\"\" width=\"403\" height=\"183\" \/><\/p>\n<hr \/>\n<p><em><strong>Title:<\/strong><\/em> Sorption properties of hybrid mineral nanomaterials derived from<br \/>\nkaolin group minerals<br \/>\n<em><strong>Duration: <\/strong><\/em>2011-2014<br \/>\n<em><strong>Principal Investigator:<\/strong><\/em> Jakub Matusik<br \/>\n<strong><em>Key Investigators: <\/em><\/strong>Tomasz Bajda, Ma\u0142gorzata Zimowska<br \/>\n<em><strong>Funding agency: <\/strong><\/em>National Science Centre (Poland)<br \/>\n<em><strong>Project ID: <\/strong><\/em>Sonata 1<br \/>\n<em><strong>Project description: <\/strong><\/em><a href=\"http:\/\/www.mba-group.agh.edu.pl\/?page_id=166\">read more<\/a><br \/>\n<a href=\"http:\/\/www.mba-group.agh.edu.pl\/?page_id=166\"><img loading=\"lazy\" decoding=\"async\" class=\"aligncenter wp-image-147\" src=\"http:\/\/www.mba-group.agh.edu.pl\/wp-content\/uploads\/2018\/04\/Sonata-1-1024x409.jpg\" alt=\"\" width=\"400\" height=\"165\" \/><\/a><\/p>\n<hr \/>\n<p><em><strong>Title:<\/strong><\/em> The preparation and utilization of zeolite-based sorbents of petroleum compounds<br \/>\n<em><strong>Duration: <\/strong><\/em>2011-2014<br \/>\n<em><strong>Principal Investigator:<\/strong><\/em> Wojciech Franus<br \/>\n<strong><em>Key Investigators: <\/em><\/strong>Barbara Muir, Tomasz Bajda, Jakub Matusik<br \/>\n<em><strong>Funding agency: <\/strong><\/em>The National Centre for Research and Development (Poland)<br \/>\n<em><strong>Project ID: <\/strong><\/em>I PBS<br \/>\n<em><strong>Project description: <\/strong><\/em><a href=\"http:\/\/www.mba-group.agh.edu.pl\/?page_id=329\">read more<\/a><br \/>\n<a href=\"http:\/\/www.mba-group.agh.edu.pl\/?page_id=329\"><img loading=\"lazy\" decoding=\"async\" class=\"wp-image-321 size-medium aligncenter\" src=\"http:\/\/www.mba-group.agh.edu.pl\/wp-content\/uploads\/2018\/04\/Zeo_dev-300x225.jpg\" alt=\"\" width=\"300\" height=\"225\" srcset=\"https:\/\/www.mba-group.agh.edu.pl\/wp-content\/uploads\/2018\/04\/Zeo_dev-300x225.jpg 300w, https:\/\/www.mba-group.agh.edu.pl\/wp-content\/uploads\/2018\/04\/Zeo_dev-768x576.jpg 768w, https:\/\/www.mba-group.agh.edu.pl\/wp-content\/uploads\/2018\/04\/Zeo_dev-1024x768.jpg 1024w, https:\/\/www.mba-group.agh.edu.pl\/wp-content\/uploads\/2018\/04\/Zeo_dev-400x300.jpg 400w\" sizes=\"auto, (max-width: 300px) 100vw, 300px\" \/><\/a><\/p>\n<hr \/>\n<p><em><strong>Title:<\/strong><\/em> Precise determination of solubility constants in 5 &#8211; 65\u00baC temperature range and DHf, DGf, DS for apatites in of Ca-Pb-P-As-OH-Cl type.<br \/>\n<em><strong>Duration: <\/strong><\/em>2011-2014<br \/>\n<em><strong>Principal Investigator:<\/strong><\/em> Maciej Manecki<br \/>\n<strong><em>Co-Investigators: <\/em><\/strong>Tomasz Bajda, Jakub Matusik<br \/>\n<em><strong>Funding agency: <\/strong><\/em>National Science Centre (Poland)<br \/>\n<em><strong>Project ID: <\/strong><\/em>Harmonia<br \/>\n<em><strong>Project description: <\/strong><\/em><a href=\"http:\/\/www.mba-group.agh.edu.pl\/?page_id=335\">read more<\/a><\/p>\n<p><a href=\"http:\/\/www.mba-group.agh.edu.pl\/?page_id=335\"><img loading=\"lazy\" decoding=\"async\" class=\"wp-image-203 aligncenter\" src=\"http:\/\/www.mba-group.agh.edu.pl\/wp-content\/uploads\/2018\/04\/logo_ncn-300x150.jpg\" alt=\"\" width=\"248\" height=\"131\" \/><\/a><\/p>\n<hr \/>\n<p><em><strong>Title:<\/strong><\/em> Minerals from the kaolin group as precursors of hybrid organo-mineral materials<br \/>\n<em><strong>Duration: <\/strong><\/em>2010-2011<br \/>\n<em><strong>Principal Investigator:<\/strong><\/em> Jakub Matusik<br \/>\n<em><strong>Funding agency: <\/strong><\/em>Ministry of Science and Higher Education (Poland)<br \/>\n<em><strong>Project ID: <\/strong><\/em>Iuventus Plus<br \/>\n<em><strong>Project description: <\/strong><\/em><a href=\"http:\/\/www.mba-group.agh.edu.pl\/?page_id=176\">read more<\/a><br \/>\n<a href=\"http:\/\/www.mba-group.agh.edu.pl\/?page_id=176\"><img loading=\"lazy\" decoding=\"async\" class=\"aligncenter wp-image-149\" src=\"http:\/\/www.mba-group.agh.edu.pl\/wp-content\/uploads\/2018\/04\/Iuventus_abs.jpg\" alt=\"\" width=\"399\" height=\"167\" \/><\/a><\/p>\n<hr \/>\n<p><em><strong>Title:<\/strong><\/em> Layered minerals as precursors of mesoporous nanostructures<br \/>\n<em><strong>Duration: <\/strong><\/em>2009-2012<br \/>\n<em><strong>Principal Investigator:<\/strong><\/em> Krzysztof Bahranowski<br \/>\n<em><strong>Key Investigator:<\/strong><\/em> Jakub Matusik<br \/>\n<em><strong>Funding agency: <\/strong><\/em>Ministry of Science and Higher Education (Poland)<br \/>\n<em><strong>Project ID: <\/strong><\/em>N N307 315336<br \/>\n<em><strong>Project description: <\/strong><\/em><a href=\"http:\/\/www.mba-group.agh.edu.pl\/?page_id=179\">read more<\/a><br \/>\n<a href=\"http:\/\/www.mba-group.agh.edu.pl\/?page_id=179\"><img loading=\"lazy\" decoding=\"async\" class=\"aligncenter wp-image-150\" src=\"http:\/\/www.mba-group.agh.edu.pl\/wp-content\/uploads\/2018\/04\/PhD_abs-300x230.jpg\" alt=\"\" width=\"259\" height=\"201\" \/><\/a><\/p>\n<hr \/>\n","protected":false},"excerpt":{"rendered":"<p>Ongoing projects Title:\u00a0Unlocking Lithium&#8217;s Potential: Dynamic Flow-Through Lithium Extraction from Challenging Aqueous Environments with Engineered 3D-Shaped Layered Double Hydroxide Adsorbents Duration: 2024-2028 Principal Investigator: Jakub Matusik (AGH University), Pegie Cool (University of Antwerp), Elena Mihaela Seftel (VITO NV Flemish Institute &hellip; <a href=\"https:\/\/www.mba-group.agh.edu.pl\/?page_id=36\">Czytaj dalej <span class=\"meta-nav\">&rarr;<\/span><\/a><\/p>\n","protected":false},"author":1,"featured_media":0,"parent":0,"menu_order":0,"comment_status":"closed","ping_status":"closed","template":"sidebar-page.php","meta":{"jetpack_post_was_ever_published":false,"footnotes":""},"class_list":["post-36","page","type-page","status-publish","hentry"],"jetpack_sharing_enabled":true,"jetpack_shortlink":"https:\/\/wp.me\/Peuuv7-A","_links":{"self":[{"href":"https:\/\/www.mba-group.agh.edu.pl\/index.php?rest_route=\/wp\/v2\/pages\/36","targetHints":{"allow":["GET"]}}],"collection":[{"href":"https:\/\/www.mba-group.agh.edu.pl\/index.php?rest_route=\/wp\/v2\/pages"}],"about":[{"href":"https:\/\/www.mba-group.agh.edu.pl\/index.php?rest_route=\/wp\/v2\/types\/page"}],"author":[{"embeddable":true,"href":"https:\/\/www.mba-group.agh.edu.pl\/index.php?rest_route=\/wp\/v2\/users\/1"}],"replies":[{"embeddable":true,"href":"https:\/\/www.mba-group.agh.edu.pl\/index.php?rest_route=%2Fwp%2Fv2%2Fcomments&post=36"}],"version-history":[{"count":61,"href":"https:\/\/www.mba-group.agh.edu.pl\/index.php?rest_route=\/wp\/v2\/pages\/36\/revisions"}],"predecessor-version":[{"id":1553,"href":"https:\/\/www.mba-group.agh.edu.pl\/index.php?rest_route=\/wp\/v2\/pages\/36\/revisions\/1553"}],"wp:attachment":[{"href":"https:\/\/www.mba-group.agh.edu.pl\/index.php?rest_route=%2Fwp%2Fv2%2Fmedia&parent=36"}],"curies":[{"name":"wp","href":"https:\/\/api.w.org\/{rel}","templated":true}]}}