{"id":935,"date":"2021-01-27T12:11:43","date_gmt":"2021-01-27T11:11:43","guid":{"rendered":"http:\/\/www.mba.agh.edu.pl\/?page_id=935"},"modified":"2021-01-27T12:25:04","modified_gmt":"2021-01-27T11:25:04","slug":"news-2018","status":"publish","type":"page","link":"https:\/\/www.mba-group.agh.edu.pl\/?page_id=935","title":{"rendered":"News (2019\/2018)"},"content":{"rendered":"<hr \/>\n<p style=\"text-align: center;\"><span style=\"color: #3366ff;\"><strong>2019-12-01<\/strong><\/span><\/p>\n<hr \/>\n<p>Two <strong>post-doc positions<\/strong> available in the TEAM-NET project at AGH University in Krakow!<\/p>\n<p>+ <a href=\"http:\/\/www.mba-group.agh.edu.pl\/wp-content\/uploads\/2019\/12\/Postdoc5.docx\" target=\"_blank\" rel=\"noopener\">Post-doc 1<\/a><br \/>\n+ <a href=\"http:\/\/www.mba-group.agh.edu.pl\/wp-content\/uploads\/2019\/12\/Postdoc9.docx\" target=\"_blank\" rel=\"noopener\">Post-doc 2<\/a><\/p>\n<p><a href=\"http:\/\/www.mba-group.agh.edu.pl\/?page_id=789\" target=\"_blank\" rel=\"noopener\"><img loading=\"lazy\" decoding=\"async\" class=\"aligncenter wp-image-787\" src=\"http:\/\/www.mba-group.agh.edu.pl\/wp-content\/uploads\/2019\/12\/Team_Net_PR.jpg\" alt=\"\" width=\"404\" height=\"263\" \/><\/a><\/p>\n<hr \/>\n<p style=\"text-align: center;\"><span style=\"color: #3366ff;\"><strong>2019-11-27<\/strong><\/span><\/p>\n<hr \/>\n<p>A new member has joined the group!<\/p>\n<p><a href=\"http:\/\/www.mba-group.agh.edu.pl\/?page_id=34\"><strong>Monika<\/strong> <\/a>received her PhD in chemistry in 2016 (Faculty of Materials Science and Ceramics, AGH University of Science and Technology). Her work involved research on polysiloxane networks as supports in catalysis.<\/p>\n<p>Two weeks ago she received funding from Polish National Science Centre (<a href=\"http:\/\/www.mba-group.agh.edu.pl\/?page_id=780\"><strong>Miniatura 3 project<\/strong><\/a>). She will study the interaction of organo-smectites with polysiloxane networks and properties of the obtained composite materials.<\/p>\n<p>Looking forward to see first results.<\/p>\n<p><img loading=\"lazy\" decoding=\"async\" class=\" wp-image-770 aligncenter\" src=\"http:\/\/www.mba-group.agh.edu.pl\/wp-content\/uploads\/2019\/11\/Monika-225x300.jpg\" alt=\"\" width=\"179\" height=\"236\" \/><\/p>\n<hr \/>\n<p style=\"text-align: center;\"><span style=\"color: #3366ff;\"><strong>2019-09-18<\/strong><\/span><\/p>\n<hr \/>\n<p>The members of our group spent a busy September attending two conferences.<\/p>\n<p><a href=\"https:\/\/www.ecms2019.eu\/\" target=\"_blank\" rel=\"noopener\"><strong>European Conference on Mineralogy and Spectroscopy<\/strong><\/a> was held in Prague, Czech Republic (11-13.09.2019). The meeting brought together theoretically and experimentally oriented scientists. It was preceded by Jana2006 Workshop on refinement crystal structures.<br \/>\n<img loading=\"lazy\" decoding=\"async\" class=\"aligncenter wp-image-731 \" src=\"http:\/\/www.mba-group.agh.edu.pl\/wp-content\/uploads\/2019\/09\/ECMS_1.jpg\" alt=\"\" width=\"403\" height=\"305\" \/><\/p>\n<p><img loading=\"lazy\" decoding=\"async\" class=\"aligncenter wp-image-732 \" src=\"http:\/\/www.mba-group.agh.edu.pl\/wp-content\/uploads\/2019\/09\/ECMS_2.jpg\" alt=\"\" width=\"376\" height=\"272\" \/><\/p>\n<p>Karolina and Paulina presented the following topics:<\/p>\n<p><strong>Karolina<\/strong> -&gt; The effect of M(II)\/M(III) molar ratio on the LDH structure derived from chemicals and minerals: a spectroscopic study using FTIR, Raman and XPS<\/p>\n<p><strong>Paulina<\/strong> -&gt; Halloysite-supported iron oxide particles for As(V) removal: adsorption mechanism investigation by the XPS and M\u00f6ssbauer spectroscopy<\/p>\n<p>Abstracts can be found <a href=\"https:\/\/www.ecms2019.eu\/abstracts\" target=\"_blank\" rel=\"noopener\">here<\/a>.<\/p>\n<p>Our group also participated in a <a href=\"http:\/\/sorbenty2019.agh.edu.pl\/\" target=\"_blank\" rel=\"noopener\"><strong>4th Polish Conference on Mineral Adsorbents<\/strong><\/a> organized by Tomasz. The conference helps to establish a collaboration between scientists and industrial partners.<\/p>\n<p><img loading=\"lazy\" decoding=\"async\" class=\"aligncenter wp-image-733 size-full\" src=\"http:\/\/www.mba-group.agh.edu.pl\/wp-content\/uploads\/2019\/09\/Sorbenty_1.jpg\" alt=\"\" width=\"4523\" height=\"2434\" srcset=\"https:\/\/www.mba-group.agh.edu.pl\/wp-content\/uploads\/2019\/09\/Sorbenty_1.jpg 4523w, https:\/\/www.mba-group.agh.edu.pl\/wp-content\/uploads\/2019\/09\/Sorbenty_1-300x161.jpg 300w, https:\/\/www.mba-group.agh.edu.pl\/wp-content\/uploads\/2019\/09\/Sorbenty_1-768x413.jpg 768w, https:\/\/www.mba-group.agh.edu.pl\/wp-content\/uploads\/2019\/09\/Sorbenty_1-1024x551.jpg 1024w, https:\/\/www.mba-group.agh.edu.pl\/wp-content\/uploads\/2019\/09\/Sorbenty_1-500x269.jpg 500w\" sizes=\"auto, (max-width: 4523px) 100vw, 4523px\" \/><\/p>\n<p>The following presentations were given:<\/p>\n<p><strong>Karolina<\/strong> -&gt; Characterization of hydrotalcite\/pyroaurite-like anion adsorbents derived from magnesite and dolomite.<\/p>\n<p><strong>Paulina M.<\/strong> -&gt; Enhanced sulphate removal by precipitation and adsorption using Ca(OH)2 and synthetic layered double hydroxide: acid mine drainage case study.<\/p>\n<p><strong>Magdalena W.<\/strong> -&gt; Produkty odpadowe jako alternatywne sorbenty metali ci\u0119\u017ckich \u2013 przegl\u0105d.<\/p>\n<p><strong>Monika<\/strong> -&gt; Redukcja barwnik\u00f3w organicznych przy u\u017cyciu nanocz\u0105stek srebra osadzonych na sieciach polisiloksanowych.<\/p>\n<p><strong>Paulina N.<\/strong> -&gt; Materia\u0142y funkcjonalizowane na bazie popio\u0142\u00f3w lotnych aktywowanych \u015bciekami z energetyki zawodowej.<\/p>\n<hr \/>\n<p style=\"text-align: center;\"><span style=\"color: #3366ff;\"><strong>2019-09-01<\/strong><\/span><\/p>\n<hr \/>\n<p><strong>Tomasz<\/strong> has joined the editorial board of a new journal: <a href=\"https:\/\/www.cambridge.org\/core\/journals\/experimental-results\/information\/editorial-board\" target=\"_blank\" rel=\"noopener\">Experimental Results<\/a> (Cambridge University Press). He will help to evaluate manuscripts in the field of Earth &amp; Environmental Sciences.<\/p>\n<p>We are looking forward for the first manuscripts!<\/p>\n<p><a href=\"https:\/\/www.cambridge.org\/core\/journals\/experimental-results\/information\/editorial-board\" target=\"_blank\" rel=\"noopener\"><img loading=\"lazy\" decoding=\"async\" class=\"alignnone wp-image-726 size-full\" src=\"http:\/\/www.mba-group.agh.edu.pl\/wp-content\/uploads\/2019\/09\/Exp_res.jpg\" alt=\"\" width=\"1064\" height=\"467\" srcset=\"https:\/\/www.mba-group.agh.edu.pl\/wp-content\/uploads\/2019\/09\/Exp_res.jpg 1064w, https:\/\/www.mba-group.agh.edu.pl\/wp-content\/uploads\/2019\/09\/Exp_res-300x132.jpg 300w, https:\/\/www.mba-group.agh.edu.pl\/wp-content\/uploads\/2019\/09\/Exp_res-768x337.jpg 768w, https:\/\/www.mba-group.agh.edu.pl\/wp-content\/uploads\/2019\/09\/Exp_res-1024x449.jpg 1024w, https:\/\/www.mba-group.agh.edu.pl\/wp-content\/uploads\/2019\/09\/Exp_res-500x219.jpg 500w\" sizes=\"auto, (max-width: 1064px) 100vw, 1064px\" \/><\/a><\/p>\n<hr \/>\n<p style=\"text-align: center;\"><span style=\"color: #3366ff;\"><strong>2019-07-06<\/strong><\/span><\/p>\n<hr \/>\n<p>Another <a href=\"https:\/\/euroclay2019.sciencesconf.org\/\" target=\"_blank\" rel=\"noopener\"><strong>EuroClay<\/strong><\/a> conference is over with tons of interesting talks and posters covering the topics devoted to clay science and technology. The meeting took place at the Pierre &amp; Marie Sk\u0142odowska-Curie University (UPMC) in Paris (France) and gathered over 600 scientists.<\/p>\n<p><img loading=\"lazy\" decoding=\"async\" class=\"aligncenter wp-image-714 size-full\" src=\"http:\/\/www.mba-group.agh.edu.pl\/wp-content\/uploads\/2019\/07\/EuroClay.jpg\" alt=\"\" width=\"2660\" height=\"2076\" srcset=\"https:\/\/www.mba-group.agh.edu.pl\/wp-content\/uploads\/2019\/07\/EuroClay.jpg 2660w, https:\/\/www.mba-group.agh.edu.pl\/wp-content\/uploads\/2019\/07\/EuroClay-300x234.jpg 300w, https:\/\/www.mba-group.agh.edu.pl\/wp-content\/uploads\/2019\/07\/EuroClay-768x599.jpg 768w, https:\/\/www.mba-group.agh.edu.pl\/wp-content\/uploads\/2019\/07\/EuroClay-1024x799.jpg 1024w, https:\/\/www.mba-group.agh.edu.pl\/wp-content\/uploads\/2019\/07\/EuroClay-384x300.jpg 384w\" sizes=\"auto, (max-width: 2660px) 100vw, 2660px\" \/><\/p>\n<p>Most importantly our group members have received awards from the Clay Minerals Organizations!<\/p>\n<p><strong>Paulina Maziarz<\/strong> \u2013&gt; 1st prize for the best poster presentation awarded by AIPEA<br \/>\n(photos from the ceremony will be included in Elements Journal)<br \/>\n<strong>Magda Tuchowska<\/strong> \u2013&gt; Travel grant award from the Clay Minerals Society<\/p>\n<p>All the abstracts can be found on the <a href=\"https:\/\/euroclay2019.sciencesconf.org\/\" target=\"_blank\" rel=\"noopener\">conference website<\/a>.<\/p>\n<p>Looking forward to next meetings.<\/p>\n<hr \/>\n<p style=\"text-align: center;\"><strong><span style=\"color: #3366ff;\">2019-06-26<\/span><br \/>\n<\/strong><\/p>\n<hr \/>\n<p>Jakub will serve as Guest Editor of the Special Issue in <a href=\"https:\/\/www.mdpi.com\/journal\/materials\" target=\"_blank\" rel=\"noopener\"><strong>Materials Journal<\/strong><\/a> \u201eLayered Double Hydroxides (LDH) and LDH-based hybrid composites\u201d. The deadline for submission is: <strong>31 December 2019<\/strong>. Click the image to get more information on the covered topics.<\/p>\n<p><a href=\"https:\/\/www.mdpi.com\/journal\/materials\/special_issues\/LDH_composites\" target=\"_blank\" rel=\"noopener\"><img loading=\"lazy\" decoding=\"async\" class=\"wp-image-710 aligncenter\" src=\"http:\/\/www.mba-group.agh.edu.pl\/wp-content\/uploads\/2019\/06\/Materials_LDH.jpg\" alt=\"\" width=\"529\" height=\"307\" \/><\/a><\/p>\n<hr \/>\n<p style=\"text-align: center;\"><span style=\"color: #3366ff;\"><strong>2019-04-17<\/strong><\/span><\/p>\n<hr \/>\n<p>The Foundation for Polish Science announced the results of the first <a href=\"https:\/\/www.fnp.org.pl\/en\/oferta\/team-net\/\" target=\"_blank\" rel=\"noopener\"><strong>TEAM-NET competition<\/strong><\/a><strong>.<\/strong><\/p>\n<p>A network of research units from Lublin University of Technology, AGH University and University of Warsaw <strong>received funding<\/strong> for interdisciplinary scientific research. The whole project will be devoted to the use of fly ashes as the precursors of functionalized materials for applications in environmental engineering, civil engineering and agriculture.<\/p>\n<p><strong>Tomasz<\/strong> will lead the team that will be formed at AGH University!<\/p>\n<p>The full list of projects selected for funding is <strong><a href=\"https:\/\/www.fnp.org.pl\/team-net-aktualizacja-wynikow-konkursu\/\" target=\"_blank\" rel=\"noopener\">here<\/a><\/strong>.<\/p>\n<p><a href=\"https:\/\/www.fnp.org.pl\/team-net-aktualizacja-wynikow-konkursu\/\" target=\"_blank\" rel=\"noopener\"><img loading=\"lazy\" decoding=\"async\" class=\"aligncenter wp-image-692\" src=\"http:\/\/www.mba-group.agh.edu.pl\/wp-content\/uploads\/2019\/04\/Team-Net-logo.jpg\" alt=\"\" width=\"499\" height=\"139\" \/><\/a><\/p>\n<hr \/>\n<p style=\"text-align: center;\"><strong><span style=\"color: #3366ff;\">2019-02-25<\/span><br \/>\n<\/strong><\/p>\n<hr \/>\n<p>Jakub officially received a <a href=\"https:\/\/en.fulbright.edu.pl\/\" target=\"_blank\" rel=\"noopener\"><strong>Fulbright Senior Award<\/strong><\/a> for research and teaching at the A&amp;M Texas University (College Station, TX, USA)!<\/p>\n<p>List of Polish Awardees can be found by clicking on the image.<br \/>\n<a href=\"https:\/\/fulbright.edu.pl\/wyniki-rekrutacji-na-stypendia-fulbrighta-na-rok-akademicki-2019-2020\/\" target=\"_blank\" rel=\"noopener\"><img loading=\"lazy\" decoding=\"async\" class=\"wp-image-635 aligncenter\" src=\"http:\/\/www.mba-group.agh.edu.pl\/wp-content\/uploads\/2019\/02\/FB_ATM.jpg\" alt=\"\" width=\"435\" height=\"252\" \/><\/a><\/p>\n<hr \/>\n<p style=\"text-align: center;\"><span style=\"color: #3366ff;\"><strong>2019-02-20<\/strong><\/span><\/p>\n<hr \/>\n<p>Tomasz will serve as Guest Editor of the special issue to be published in <a href=\"https:\/\/www.mdpi.com\/journal\/materials\/special_issues\/Functional_Mineral_Materials\" target=\"_blank\" rel=\"noopener\"><strong>Materials Journal<\/strong><\/a>: &#8222;Functional Mineral Materials: Sorption, Catalytic and Photofunctional Properties&#8221;. The deadline for submission is: <strong>31 October 2019<\/strong>. Click the image to get more information.<\/p>\n<p><a href=\"https:\/\/www.mdpi.com\/journal\/materials\/special_issues\/Functional_Mineral_Materials\"><img loading=\"lazy\" decoding=\"async\" class=\"alignnone wp-image-630 size-full\" src=\"http:\/\/www.mba-group.agh.edu.pl\/wp-content\/uploads\/2019\/02\/Materials_TB.jpg\" alt=\"\" width=\"998\" height=\"382\" srcset=\"https:\/\/www.mba-group.agh.edu.pl\/wp-content\/uploads\/2019\/02\/Materials_TB.jpg 998w, https:\/\/www.mba-group.agh.edu.pl\/wp-content\/uploads\/2019\/02\/Materials_TB-300x115.jpg 300w, https:\/\/www.mba-group.agh.edu.pl\/wp-content\/uploads\/2019\/02\/Materials_TB-768x294.jpg 768w, https:\/\/www.mba-group.agh.edu.pl\/wp-content\/uploads\/2019\/02\/Materials_TB-500x191.jpg 500w\" sizes=\"auto, (max-width: 998px) 100vw, 998px\" \/><\/a><\/p>\n<hr \/>\n<p style=\"text-align: center;\"><span style=\"color: #3366ff;\"><strong>2019-01-11<\/strong><\/span><\/p>\n<hr \/>\n<p>A good scientific start to the new year!<\/p>\n<p>Second part of research on mineral-based magnetic composites (PhD thesis of Paulina Maziarz) has been just published in <strong>Chemical Engineering Journal<\/strong>. Click the image below to explore contents.<\/p>\n<p><a href=\"https:\/\/www.sciencedirect.com\/science\/article\/pii\/S1385894719300233\" target=\"_blank\" rel=\"noopener\"><img loading=\"lazy\" decoding=\"async\" class=\"aligncenter wp-image-625\" src=\"http:\/\/www.mba-group.agh.edu.pl\/wp-content\/uploads\/2019\/01\/ChemEngJ_2019.jpg\" alt=\"\" width=\"497\" height=\"419\" srcset=\"https:\/\/www.mba-group.agh.edu.pl\/wp-content\/uploads\/2019\/01\/ChemEngJ_2019.jpg 803w, https:\/\/www.mba-group.agh.edu.pl\/wp-content\/uploads\/2019\/01\/ChemEngJ_2019-300x252.jpg 300w, https:\/\/www.mba-group.agh.edu.pl\/wp-content\/uploads\/2019\/01\/ChemEngJ_2019-768x646.jpg 768w, https:\/\/www.mba-group.agh.edu.pl\/wp-content\/uploads\/2019\/01\/ChemEngJ_2019-357x300.jpg 357w\" sizes=\"auto, (max-width: 497px) 100vw, 497px\" \/><\/a><\/p>\n<hr \/>\n<p style=\"text-align: center;\"><span style=\"color: #3366ff;\"><strong>2018-11-15<\/strong><\/span><\/p>\n<hr \/>\n<p>Time flies!<\/p>\n<p>A month has passed since Harshita from <a href=\"http:\/\/www.oulu.fi\/pyokemen\/\" target=\"_blank\" rel=\"noopener\">Chemical Process Engineering Research Unit<\/a> (University of Oulu, Finland) joined us to carry out research on modified bio-sorbents for sulphates removal. This work is a part of Harshita\u2019s PhD thesis done under supervision of Dr Tiina Leivisk\u00e4.<\/p>\n<p>The experiments will be continued in Finland!<\/p>\n<p><img loading=\"lazy\" decoding=\"async\" class=\"wp-image-590 aligncenter\" src=\"http:\/\/www.mba-group.agh.edu.pl\/wp-content\/uploads\/2018\/11\/Harshita.jpg\" alt=\"\" width=\"519\" height=\"412\" \/><\/p>\n<p><em>(SEM image -&gt; sawdust particles)<\/em><\/p>\n<hr \/>\n<p style=\"text-align: center;\"><strong><span style=\"color: #3366ff;\">2018-10-29<\/span><br \/>\n<\/strong><\/p>\n<hr \/>\n<p>In the last two months we took part in 3 conferences:<\/p>\n<ul>\n<li>XXV Session of the Petrology Group of the Mineralogical Society of Poland (Brun\u00f3w, Poland)<\/li>\n<li>International Conference on the use of fly ash generated by energetics (Krynica-Zdr\u00f3j, Poland)<\/li>\n<li>9th Mid-European Clay Conference (Zagreb, Croatia)<\/li>\n<\/ul>\n<p><strong>Congratulations for Magda Tuchowska for receiving 1st prize<br \/>\nfor the best poster presentation!<br \/>\n<\/strong><em>(Title: Batch and column sorption of As(V) onto bog iron ores)<\/em><\/p>\n<p><img loading=\"lazy\" decoding=\"async\" class=\"wp-image-578 aligncenter\" src=\"http:\/\/www.mba-group.agh.edu.pl\/wp-content\/uploads\/2018\/10\/Konferencje_3x.jpg\" alt=\"\" width=\"536\" height=\"913\" \/><\/p>\n<hr \/>\n<p style=\"text-align: center;\"><span style=\"color: #3366ff;\"><strong>2018-09-13<\/strong><\/span><\/p>\n<hr \/>\n<p>Research on halloysite-based magnetic composites has been recently published in <strong>Separation and Purification Technology Journal<\/strong>. Click the image to check out the contents in ScienceDirect!<br \/>\n<a href=\"https:\/\/www.sciencedirect.com\/science\/article\/pii\/S1383586618312528\" target=\"_blank\" rel=\"noopener\"><img loading=\"lazy\" decoding=\"async\" class=\"aligncenter wp-image-565\" src=\"http:\/\/www.mba-group.agh.edu.pl\/wp-content\/uploads\/2018\/09\/Sep_Purf.jpg\" alt=\"\" width=\"540\" height=\"280\" \/><\/a><\/p>\n<hr \/>\n<p style=\"text-align: center;\"><span style=\"color: #3366ff;\"><strong>2018-08-10<\/strong><\/span><\/p>\n<hr \/>\n<p>Karolina, Paulina and Anna participated in the 3rd International Conference on <strong><a href=\"https:\/\/www.mms.events\/\" target=\"_blank\" rel=\"noopener\">Applied Mineralogy &amp; Advanced Materials<\/a><\/strong> at the Polytechnic University of Bari (Italy).<\/p>\n<p>They gave the following presentations:<\/p>\n<p><strong>Anna<\/strong> -&gt; Photoresponsive behavior of \u03b1-zirconium phosphate functionalized with azobenzenes (<em>Lecture<\/em>)<\/p>\n<p><strong>Paulina<\/strong> -&gt; The structural stability of Mg-Al LDH impregnated with iron oxide particles used for As(V) removal (<em>Lecture<\/em>)<\/p>\n<p><strong>Karolina<\/strong> -&gt; Synthesis of Mg-Fe layered double hydroxides from minerals and their sorption affinity towards Cr(VI) (<em>Poster<\/em>)<\/p>\n<p><img loading=\"lazy\" decoding=\"async\" class=\"aligncenter wp-image-556 \" src=\"http:\/\/www.mba-group.agh.edu.pl\/wp-content\/uploads\/2018\/08\/MMS_info.jpg\" alt=\"\" width=\"417\" height=\"431\" srcset=\"https:\/\/www.mba-group.agh.edu.pl\/wp-content\/uploads\/2018\/08\/MMS_info.jpg 1578w, https:\/\/www.mba-group.agh.edu.pl\/wp-content\/uploads\/2018\/08\/MMS_info-290x300.jpg 290w, https:\/\/www.mba-group.agh.edu.pl\/wp-content\/uploads\/2018\/08\/MMS_info-768x794.jpg 768w, https:\/\/www.mba-group.agh.edu.pl\/wp-content\/uploads\/2018\/08\/MMS_info-991x1024.jpg 991w\" sizes=\"auto, (max-width: 417px) 100vw, 417px\" \/><\/p>\n<hr \/>\n<p style=\"text-align: center;\"><span style=\"color: #3366ff;\"><strong>2018-06-20<\/strong><\/span><\/p>\n<hr \/>\n<p>MBA group members participated in <a href=\"http:\/\/conferences.illinois.edu\/cms\/\" target=\"_blank\" rel=\"noopener\"><strong>55th Annual Meeting of the Clay Minerals Society<\/strong> <\/a>which was held at the University of Illinois in Urbana-Champaign (IL, USA).<\/p>\n<p>The following presentations were given:<\/p>\n<p><strong>Anna<\/strong> -&gt; Monitoring the azobenzene isomerization in layered intercalation compounds using the infrared spectroscopy (<em>Lecture<\/em>)<\/p>\n<p><strong>Karolina<\/strong> -&gt; The quality of Mg-Fe layered double hydroxide derived from magnesite and hematite (<em>Poster<\/em>)<\/p>\n<p><strong>Paulina<\/strong> -&gt; Maghemite particles supported on halloysite as magnetically responsive composites for efficient As(V) removal (<em>Lecture<\/em>)<\/p>\n<p><strong>Tomasz<\/strong> -&gt; Oxyanions sorption by organo-smectite (<em>Lecture<\/em>)<\/p>\n<p><strong>Jakub<\/strong> -&gt; Halloysite-based hybrid composites with synthetic LDH and their affinity to remove anions (<em>Lecture<\/em>)<\/p>\n<p><strong>Karolina received 1st prize for the best poster presentation!<\/strong><\/p>\n<p><img loading=\"lazy\" decoding=\"async\" class=\"wp-image-532 aligncenter\" src=\"http:\/\/www.mba-group.agh.edu.pl\/wp-content\/uploads\/2018\/06\/MBA_CMS.jpg\" alt=\"\" width=\"416\" height=\"361\" srcset=\"https:\/\/www.mba-group.agh.edu.pl\/wp-content\/uploads\/2018\/06\/MBA_CMS.jpg 3234w, https:\/\/www.mba-group.agh.edu.pl\/wp-content\/uploads\/2018\/06\/MBA_CMS-300x259.jpg 300w, https:\/\/www.mba-group.agh.edu.pl\/wp-content\/uploads\/2018\/06\/MBA_CMS-768x664.jpg 768w, https:\/\/www.mba-group.agh.edu.pl\/wp-content\/uploads\/2018\/06\/MBA_CMS-1024x886.jpg 1024w, https:\/\/www.mba-group.agh.edu.pl\/wp-content\/uploads\/2018\/06\/MBA_CMS-347x300.jpg 347w\" sizes=\"auto, (max-width: 416px) 100vw, 416px\" \/><\/p>\n<hr \/>\n<p style=\"text-align: center;\"><span style=\"color: #3366ff;\"><strong>2018-05-16<\/strong><\/span><\/p>\n<hr \/>\n<p><strong>Magda Wo\u0142owiec<\/strong> and <strong>Jakub Matusik<\/strong> received funding for their new projects from National Science Centre (Poland):<\/p>\n<p><strong>Magda<\/strong> (PRELUDIUM 14)<br \/>\nPhase, physicochemical characterization and sorption properties of Ferruginous sludges generated from water treatment process.<\/p>\n<p><strong>Jakub<\/strong> (OPUS 14)<br \/>\nHydrotalcite-like mineral composites obtained by transformation of selected minerals as hybrid sorbents for the removal of anions from multi-element aqueous solutions.<\/p>\n<p>More information and ranking lists can be found <a href=\"https:\/\/www.ncn.gov.pl\/konkursy\/wyniki\/2018-05-15-opus14-preludium14?language=en\" target=\"_blank\" rel=\"noopener\">here<\/a>.<\/p>\n<hr \/>\n<p style=\"text-align: center;\"><span style=\"color: #3366ff;\"><strong>2018-05-10<\/strong><\/span><\/p>\n<hr \/>\n<p><strong>Basia Muir<\/strong> received START scholarship from the Foundation for Polish Science. Congratulations! <a href=\"https:\/\/www.fnp.org.pl\/en\/laureaci-start-2018\/\" target=\"_blank\" rel=\"noopener\">Here<\/a> is the list of winners.<\/p>\n<p><a href=\"https:\/\/www.fnp.org.pl\/en\/laureaci-start-2018\/\" target=\"_blank\" rel=\"noopener\"><img loading=\"lazy\" decoding=\"async\" class=\"wp-image-206 aligncenter\" src=\"http:\/\/www.mba-group.agh.edu.pl\/wp-content\/uploads\/2018\/04\/logo_fnp-300x106.jpg\" alt=\"\" width=\"225\" height=\"85\" \/><\/a><\/p>\n<hr \/>\n<p style=\"text-align: center;\"><span style=\"color: #3366ff;\"><strong>2018-03-20<\/strong><\/span><\/p>\n<hr \/>\n<p><strong>Anna Koteja<\/strong> and <strong>Karolina Rybka<\/strong> received travel grants awarded by the Clay Minerals Society. The financial support enables to attend the annual meeting of The Clay Minerals Society and to present results of the ongoing research:<\/p>\n<ul>\n<li>Anna -&gt; <em>Monitoring the azobenzene isomerization in layered intercalation compounds using the infrared spectroscopy<\/em>.<\/li>\n<li>Karolina -&gt; <em>The quality of Mg &#8211; Fe Layered Double Hydroxide derived from magnesite and hematite<\/em>.<\/li>\n<\/ul>\n<p><a href=\"http:\/\/conferences.illinois.edu\/cms\/\" target=\"_blank\" rel=\"noopener\"><img loading=\"lazy\" decoding=\"async\" class=\"aligncenter wp-image-110 size-medium\" src=\"http:\/\/www.mba-group.agh.edu.pl\/wordpress\/wp-content\/uploads\/2018\/03\/CMS_2018_Promo-300x222.jpg\" alt=\"\" width=\"300\" height=\"222\" srcset=\"https:\/\/www.mba-group.agh.edu.pl\/wp-content\/uploads\/2018\/03\/CMS_2018_Promo-300x222.jpg 300w, https:\/\/www.mba-group.agh.edu.pl\/wp-content\/uploads\/2018\/03\/CMS_2018_Promo-768x569.jpg 768w, https:\/\/www.mba-group.agh.edu.pl\/wp-content\/uploads\/2018\/03\/CMS_2018_Promo-1024x758.jpg 1024w, https:\/\/www.mba-group.agh.edu.pl\/wp-content\/uploads\/2018\/03\/CMS_2018_Promo-405x300.jpg 405w, https:\/\/www.mba-group.agh.edu.pl\/wp-content\/uploads\/2018\/03\/CMS_2018_Promo.jpg 1056w\" sizes=\"auto, (max-width: 300px) 100vw, 300px\" \/><\/a><\/p>\n<hr \/>\n","protected":false},"excerpt":{"rendered":"<p>2019-12-01 Two post-doc positions available in the TEAM-NET project at AGH University in Krakow! + Post-doc 1 + Post-doc 2 2019-11-27 A new member has joined the group! Monika received her PhD in chemistry in 2016 (Faculty of Materials Science &hellip; <a href=\"https:\/\/www.mba-group.agh.edu.pl\/?page_id=935\">Czytaj dalej <span class=\"meta-nav\">&rarr;<\/span><\/a><\/p>\n","protected":false},"author":1,"featured_media":0,"parent":0,"menu_order":0,"comment_status":"closed","ping_status":"closed","template":"sidebar-page.php","meta":{"jetpack_post_was_ever_published":false,"footnotes":""},"class_list":["post-935","page","type-page","status-publish","hentry"],"jetpack_sharing_enabled":true,"jetpack_shortlink":"https:\/\/wp.me\/Peuuv7-f5","_links":{"self":[{"href":"https:\/\/www.mba-group.agh.edu.pl\/index.php?rest_route=\/wp\/v2\/pages\/935","targetHints":{"allow":["GET"]}}],"collection":[{"href":"https:\/\/www.mba-group.agh.edu.pl\/index.php?rest_route=\/wp\/v2\/pages"}],"about":[{"href":"https:\/\/www.mba-group.agh.edu.pl\/index.php?rest_route=\/wp\/v2\/types\/page"}],"author":[{"embeddable":true,"href":"https:\/\/www.mba-group.agh.edu.pl\/index.php?rest_route=\/wp\/v2\/users\/1"}],"replies":[{"embeddable":true,"href":"https:\/\/www.mba-group.agh.edu.pl\/index.php?rest_route=%2Fwp%2Fv2%2Fcomments&post=935"}],"version-history":[{"count":5,"href":"https:\/\/www.mba-group.agh.edu.pl\/index.php?rest_route=\/wp\/v2\/pages\/935\/revisions"}],"predecessor-version":[{"id":941,"href":"https:\/\/www.mba-group.agh.edu.pl\/index.php?rest_route=\/wp\/v2\/pages\/935\/revisions\/941"}],"wp:attachment":[{"href":"https:\/\/www.mba-group.agh.edu.pl\/index.php?rest_route=%2Fwp%2Fv2%2Fmedia&parent=935"}],"curies":[{"name":"wp","href":"https:\/\/api.w.org\/{rel}","templated":true}]}}