{"id":990,"date":"2021-03-28T15:05:53","date_gmt":"2021-03-28T13:05:53","guid":{"rendered":"http:\/\/www.mba.agh.edu.pl\/?page_id=990"},"modified":"2026-03-19T07:26:12","modified_gmt":"2026-03-19T06:26:12","slug":"deklaracja-dostepnosci","status":"publish","type":"page","link":"https:\/\/www.mba-group.agh.edu.pl\/?page_id=990","title":{"rendered":"Deklaracja dost\u0119pno\u015bci"},"content":{"rendered":"<h1 id=\"a11y-deklaracja\">Deklaracja dost\u0119pno\u015bci Mineral-based Architectures Group<\/h1>\n<p id=\"a11y-wstep\"><span id=\"a11y-podmiot\">Akademia G\u00f3rniczo-Hutnicza im. Stanis\u0142awa Staszica w Krakowie<\/span> zobowi\u0105zuje si\u0119 zapewni\u0107 dost\u0119pno\u015b\u0107 swojej strony internetowej zgodnie z przepisami ustawy z dnia 4\u00a0kwietnia 2019\u00a0r. o\u00a0dost\u0119pno\u015bci cyfrowej stron internetowych i\u00a0aplikacji mobilnych podmiot\u00f3w publicznych. O\u015bwiadczenie w sprawie dost\u0119pno\u015bci ma zastosowanie do strony internetowej <a id=\"a11y-url\" href=\"http:\/\/www.mba-group.agh.edu.pl\/\">Mineral-based Architectures Group<\/a>.<\/p>\n<ul>\n<li>Data publikacji strony internetowej: <time id=\"a11y-data-publikacja\" datetime=\"2018-04-01\">2018-04-01<\/time><\/li>\n<li>Data ostatniej istotnej aktualizacji: <time id=\"a11y-data-aktualizacja\" datetime=\"2022-12-15\">2022-12-15<\/time><\/li>\n<\/ul>\n<h2>Status pod wzgl\u0119dem zgodno\u015bci z ustaw\u0105<\/h2>\n<p>Strona internetowa jest <strong id=\"a11y-status\">cz\u0119\u015bciowo zgodna<\/strong> z\u00a0ustaw\u0105 o\u00a0dost\u0119pno\u015bci cyfrowej stron internetowych i\u00a0aplikacji mobilnych podmiot\u00f3w publicznych z\u00a0powodu niezgodno\u015bci lub wy\u0142\u0105cze\u0144 wymienionych poni\u017cej.<\/p>\n<h3>Tre\u015bci niedost\u0119pne<\/h3>\n<ul>\n<li>+ Publikacje w formie plik\u00f3w PDF s\u0105 cz\u0119\u015bciowo dost\u0119pne. Na stronie zamieszczane s\u0105 pliki w dw\u00f3ch wersjach: PDF i DOC.<\/li>\n<li>+ Cz\u0119\u015b\u0107 z opublikowanych zdj\u0119\u0107 nie posiada opisu alternatywnego, maj\u0105 one charakter promocyjny i nie s\u0105 wykorzystywane do realizacji bie\u017c\u0105cych zada\u0144.<\/li>\n<\/ul>\n<h3>Przygotowanie deklaracji w sprawie dost\u0119pno\u015bci<\/h3>\n<ul>\n<li>Deklaracj\u0119 sporz\u0105dzono dnia: <time id=\"a11y-data-sporzadzenie\" datetime=\"2021-03-28\">2021-03-28<\/time><\/li>\n<li>Deklaracj\u0119 zosta\u0142a ostatnio poddana przegl\u0105dowi i aktualizacji dnia: <time id=\"a11y-data-deklaracja-przeglad\" datetime=\"2025-03-16\">2026-03-19<\/time><\/li>\n<\/ul>\n<p>Deklaracj\u0119 sporz\u0105dzono na podstawie samooceny.<\/p>\n<h2 id=\"a11y-kontakt\">Informacje zwrotne i dane kontaktowe<\/h2>\n<ul>\n<li>Za rozpatrywanie uwag i wniosk\u00f3w odpowiada: <span id=\"a11y-osoba\">Jakub Matusik<\/span>.<\/li>\n<li>E-mail: <span id=\"a11y-email\">jmatusik@agh.edu.pl<\/span><\/li>\n<li>Telefon: <span id=\"a11y-telefon\">+48 126175233<\/span><\/li>\n<\/ul>\n<p id=\"a11y-procedura\">Ka\u017cdy ma prawo:<\/p>\n<ul>\n<li>zg\u0142osi\u0107 uwagi dotycz\u0105ce dost\u0119pno\u015bci cyfrowej strony lub jej elementu,<\/li>\n<li>zg\u0142osi\u0107 \u017c\u0105danie zapewnienia dost\u0119pno\u015bci cyfrowej strony lub jej elementu,<\/li>\n<li>wnioskowa\u0107 o udost\u0119pnienie niedost\u0119pnej informacji w innej alternatywnej formie.<\/li>\n<\/ul>\n<p>\u017b\u0105danie musi zawiera\u0107:<\/p>\n<ul>\n<li>dane kontaktowe osoby zg\u0142aszaj\u0105cej,<\/li>\n<li>wskazanie strony lub elementu strony, kt\u00f3rej dotyczy \u017c\u0105danie,<\/li>\n<li>wskazanie dogodnej formy udost\u0119pnienia informacji, je\u015bli \u017c\u0105danie dotyczy udost\u0119pnienia w formie alternatywnej informacji niedost\u0119pnej.<\/li>\n<\/ul>\n<p>Rozpatrzenie zg\u0142oszenia powinno nast\u0105pi\u0107 niezw\u0142ocznie, najp\u00f3\u017aniej w ci\u0105gu 7 dni. Je\u015bli w tym terminie zapewnienie dost\u0119pno\u015bci albo zapewnienie dost\u0119pu w alternatywnej formie nie jest mo\u017cliwe, powinno nast\u0105pi\u0107 najdalej w ci\u0105gu 2 miesi\u0119cy od daty zg\u0142oszenia.<\/p>\n<h3>Skargi i odwo\u0142ania<\/h3>\n<p>Na niedotrzymanie tych termin\u00f3w oraz na odmow\u0119 realizacji \u017c\u0105dania mo\u017cna z\u0142o\u017cy\u0107 skarg\u0119 do organu nadzoruj\u0105cego poczt\u0105 lub drog\u0105 elektroniczn\u0105 na adres:<\/p>\n<ul>\n<li>Organ nadzoruj\u0105cy: Dyrektor Administracyjny WGGIO\u015a AGH<\/li>\n<li>Adres: al. Mickiewicza 30, 30-059 Krak\u00f3w<\/li>\n<li>E-mail: jrp@agh.edu.pl<\/li>\n<li>Telefon: +48 12 617-32-54<\/li>\n<\/ul>\n<p>Skarg\u0119 mo\u017cna z\u0142o\u017cy\u0107 r\u00f3wnie\u017c do <a href=\"https:\/\/www.rpo.gov.pl\/content\/jak-zglosic-sie-do-rzecznika-praw-obywatelskich\">Rzecznika Praw Obywatelskich<\/a>.<\/p>\n<h2 id=\"a11y-architektura\">Dost\u0119pno\u015b\u0107 architektoniczna<\/h2>\n<p class=\"bodytext\"><strong>Dost\u0119pno\u015b\u0107 wej\u015bcia do budynku i przechodzenia przez obszary kontroli<\/strong><\/p>\n<p class=\"bodytext\">Wej\u015bcie g\u0142\u00f3wne do budynku znajduje si\u0119 przy Alei Mickiewicza 30. Przy wej\u015bciu do budynku znajduj\u0105 si\u0119 schody (7 stopni). Wej\u015bcie to nie jest dost\u0119pne dla os\u00f3b poruszaj\u0105cych si\u0119 na w\u00f3zkach.<\/p>\n<p class=\"bodytext\">Dla os\u00f3b poruszaj\u0105cych si\u0119 na w\u00f3zkach dostosowano wej\u015bcie z ty\u0142u budynku od strony p\u00f3\u0142nocnego dziedzi\u0144ca, gdzie zlokalizowana jest winda do budynku. Przy wej\u015bciu i wyj\u015bciu z dziedzi\u0144ca zainstalowane s\u0105 domofony w celu kontaktu z portierni\u0105 w przypadku zamkni\u0119tej bramy. Osoby z niepe\u0142nosprawno\u015bci\u0105 nie dostan\u0105 si\u0119 do portierni \u2013 brak spoziomowanej komunikacji pomi\u0119dzy kondygnacj\u0105\u00a0<strong>\u2013<\/strong>1 i portierni\u0105 (6 stopni) oraz kondygnacj\u0105 0 i portierni\u0105 (16 stopni).<\/p>\n<p class=\"bodytext\"><strong>Dost\u0119pno\u015b\u0107 korytarzy, schod\u00f3w i wind<\/strong><\/p>\n<p class=\"bodytext\">Korytarze w budynku zapewniaj\u0105 swobodne poruszanie si\u0119. W cz\u0119\u015bci komunikacyjnej nie wyst\u0119puj\u0105 r\u00f3\u017cnice poziom\u00f3w, z wyj\u0105tkiem doj\u015bcia do portierni.<\/p>\n<p class=\"bodytext\">Schody nie posiadaj\u0105 specjalnych udogodnie\u0144 dla os\u00f3b z niepe\u0142nosprawno\u015bciami, z wyj\u0105tkiem doj\u015bcia do pomieszcze\u0144 nr 380-383, gdzie zainstalowano podno\u015bnik.<\/p>\n<p class=\"bodytext\">Budynek wyposa\u017cony jest w 3 windy osobowe:<\/p>\n<ul>\n<li>dwie wewn\u0119trzne poruszaj\u0105ce si\u0119 pomi\u0119dzy kondygnacjami od\u00a0<strong>\u2013<\/strong>1 (niski parter) do 3. pi\u0119tra (<strong>\u2013<\/strong>1, 0, 1, 2, 3) , cz\u0119\u015bciowo dostosowane do potrzeb os\u00f3b z niepe\u0142nosprawno\u015bciami o wymiarach: 1,1\u00d71,3 m.<\/li>\n<li>zewn\u0119trzna, stanowi\u0105ca wej\u015bcie\/wyj\u015bcie od strony dziedzi\u0144ca p\u00f3\u0142nocnego, dostosowana do potrzeb os\u00f3b z niepe\u0142nosprawno\u015bciami, poruszaj\u0105ca si\u0119 pomi\u0119dzy kondygnacjami od poziomu terenu na zewn\u0105trz budynku (P) do 2. pi\u0119tra (P,\u00a0<strong>\u2013<\/strong>1, 0, 1, 2).<\/li>\n<\/ul>\n<p class=\"bodytext\">Windy wyposa\u017cone s\u0105 w komunikaty g\u0142osowe oraz etykiety w alfabecie Braille\u2019a.<\/p>\n<p class=\"bodytext\"><strong>Opis dostosowa\u0144, na przyk\u0142ad pochylni, platform, informacji g\u0142osowych, p\u0119tlach indukcyjnych<\/strong><\/p>\n<p class=\"bodytext\">W budynku znajduj\u0105 si\u0119 dwie toalety dla os\u00f3b z niepe\u0142nosprawno\u015bciami, zlokalizowane na pierwszym i trzecim pi\u0119trze.<\/p>\n<p class=\"bodytext\"><strong>Informacje o miejscu i sposobie korzystania z miejsc parkingowych wyznaczonych dla os\u00f3b niepe\u0142nosprawnych<\/strong><\/p>\n<p class=\"bodytext\">Na parkingu wewn\u0119trznym, od strony wej\u015bcia (windy) dostosowanego dla os\u00f3b niepe\u0142nosprawnych znajduje si\u0119 miejsce parkingowe przeznaczone dla os\u00f3b z niepe\u0142nosprawno\u015bci\u0105.<\/p>\n<p class=\"bodytext\">Na parking prowadzi wjazd od ulicy Reymonta 7 (Brama G\u0142\u00f3wna). Wjazd na parking ogranicza szlaban przy, kt\u00f3rym znajduje si\u0119 domofon oraz stanowisko obs\u0142ugi. Istnieje mo\u017cliwo\u015b\u0107 ubiegania si\u0119 kart\u0119 otwieraj\u0105c\u0105 szlaban lub pomoc pracownika Stra\u017cy AGH.<\/p>\n<p class=\"bodytext\"><strong>Informacja o prawie wst\u0119pu z psem asystuj\u0105cym i ewentualnych uzasadnionych ograniczeniach<\/strong><\/p>\n<p class=\"bodytext\">Do budynku mo\u017cna wej\u015b\u0107 z psem asystuj\u0105cym.<\/p>\n<h2>Informacje dodatkowe<\/h2>\n<h3>U\u0141ATWIENIA<\/h3>\n<p class=\"bodytext\"><strong>Informacje o mo\u017cliwo\u015bci skorzystania z t\u0142umacza j\u0119zyka migowego na miejscu lub online<\/strong><\/p>\n<p class=\"bodytext\">W przypadku potrzeby skorzystania z t\u0142umacza j\u0119zyka migowego na miejscu lub online nale\u017cy skontaktowa\u0107 si\u0119 z Biurem ds. Os\u00f3b Niepe\u0142nosprawnych<br \/>\nStrona:\u00a0<a href=\"https:\/\/www.agh.edu.pl\/(http:\/www.bon.agh.edu.pl\" target=\"_blank\" rel=\"noopener\">bon.agh.edu.pl<\/a><br \/>\nE-mail:\u00a0<a href=\"mailto:bon@agh.edu.pl\">bon@agh.edu.pl<\/a><br \/>\nTelefon: +48 12 617-46-30<\/p>\n","protected":false},"excerpt":{"rendered":"<p>Deklaracja dost\u0119pno\u015bci Mineral-based Architectures Group Akademia G\u00f3rniczo-Hutnicza im. Stanis\u0142awa Staszica w Krakowie zobowi\u0105zuje si\u0119 zapewni\u0107 dost\u0119pno\u015b\u0107 swojej strony internetowej zgodnie z przepisami ustawy z dnia 4\u00a0kwietnia 2019\u00a0r. o\u00a0dost\u0119pno\u015bci cyfrowej stron internetowych i\u00a0aplikacji mobilnych podmiot\u00f3w publicznych. O\u015bwiadczenie w sprawie dost\u0119pno\u015bci ma &hellip; <a href=\"https:\/\/www.mba-group.agh.edu.pl\/?page_id=990\">Czytaj dalej <span class=\"meta-nav\">&rarr;<\/span><\/a><\/p>\n","protected":false},"author":1,"featured_media":0,"parent":0,"menu_order":0,"comment_status":"closed","ping_status":"closed","template":"sidebar-page.php","meta":{"jetpack_post_was_ever_published":false,"footnotes":""},"class_list":["post-990","page","type-page","status-publish","hentry"],"jetpack_sharing_enabled":true,"jetpack_shortlink":"https:\/\/wp.me\/Peuuv7-fY","_links":{"self":[{"href":"https:\/\/www.mba-group.agh.edu.pl\/index.php?rest_route=\/wp\/v2\/pages\/990","targetHints":{"allow":["GET"]}}],"collection":[{"href":"https:\/\/www.mba-group.agh.edu.pl\/index.php?rest_route=\/wp\/v2\/pages"}],"about":[{"href":"https:\/\/www.mba-group.agh.edu.pl\/index.php?rest_route=\/wp\/v2\/types\/page"}],"author":[{"embeddable":true,"href":"https:\/\/www.mba-group.agh.edu.pl\/index.php?rest_route=\/wp\/v2\/users\/1"}],"replies":[{"embeddable":true,"href":"https:\/\/www.mba-group.agh.edu.pl\/index.php?rest_route=%2Fwp%2Fv2%2Fcomments&post=990"}],"version-history":[{"count":6,"href":"https:\/\/www.mba-group.agh.edu.pl\/index.php?rest_route=\/wp\/v2\/pages\/990\/revisions"}],"predecessor-version":[{"id":1566,"href":"https:\/\/www.mba-group.agh.edu.pl\/index.php?rest_route=\/wp\/v2\/pages\/990\/revisions\/1566"}],"wp:attachment":[{"href":"https:\/\/www.mba-group.agh.edu.pl\/index.php?rest_route=%2Fwp%2Fv2%2Fmedia&parent=990"}],"curies":[{"name":"wp","href":"https:\/\/api.w.org\/{rel}","templated":true}]}}